{"id":39,"date":"2014-03-26T11:54:49","date_gmt":"2014-03-26T11:54:49","guid":{"rendered":"https:\/\/hbp-rechtsanwaelte.de\/?page_id=39"},"modified":"2024-07-05T08:17:45","modified_gmt":"2024-07-05T08:17:45","slug":"dr-michaela-busch","status":"publish","type":"page","link":"https:\/\/hbp-rechtsanwaelte.de\/en\/about-us\/dr-michaela-busch\/","title":{"rendered":"Dr. Michaela Busch"},"content":{"rendered":"\n<div class=\"wp-block-columns is-layout-flex wp-container-core-columns-is-layout-9d6595d7 wp-block-columns-is-layout-flex\">\n<div class=\"wp-block-column is-layout-flow wp-block-column-is-layout-flow\" style=\"flex-basis:66.66%\">\n<h1 class=\"wp-block-heading\">Dr. Michaela Busch<\/h1>\n\n\n\n<figure class=\"wp-block-image alignnone size-large wp-image-574 size-full\"><img loading=\"lazy\" decoding=\"async\" width=\"1024\" height=\"732\" src=\"https:\/\/hbp-rechtsanwaelte.de\/en\/wp-content\/uploads\/sites\/3\/2024\/07\/hbp-busch-1024x732.jpg\" alt=\"\" class=\"wp-image-634\" srcset=\"https:\/\/hbp-rechtsanwaelte.de\/en\/wp-content\/uploads\/sites\/3\/2024\/07\/hbp-busch-1024x732.jpg 1024w, https:\/\/hbp-rechtsanwaelte.de\/en\/wp-content\/uploads\/sites\/3\/2024\/07\/hbp-busch-300x214.jpg 300w, https:\/\/hbp-rechtsanwaelte.de\/en\/wp-content\/uploads\/sites\/3\/2024\/07\/hbp-busch-768x549.jpg 768w, https:\/\/hbp-rechtsanwaelte.de\/en\/wp-content\/uploads\/sites\/3\/2024\/07\/hbp-busch-1536x1097.jpg 1536w, https:\/\/hbp-rechtsanwaelte.de\/en\/wp-content\/uploads\/sites\/3\/2024\/07\/hbp-busch-2048x1463.jpg 2048w, https:\/\/hbp-rechtsanwaelte.de\/en\/wp-content\/uploads\/sites\/3\/2024\/07\/hbp-busch-624x446.jpg 624w\" sizes=\"auto, (max-width: 1024px) 100vw, 1024px\" \/><figcaption class=\"wp-element-caption\"><strong>Dr. Michaela Busch | Managing Partner<\/strong><br>Lawyer, Specialist in Tax Law<\/figcaption><\/figure>\n\n\n\n<h2 class=\"wp-block-heading\">Personal Details<\/h2>\n\n\n\n<ul class=\"wp-block-list\">\n<li>Born in 1968<\/li>\n\n\n\n<li>married<\/li>\n<\/ul>\n\n\n\n<h2 class=\"wp-block-heading\">Education\/Professional Career<\/h2>\n\n\n\n<ul class=\"wp-block-list\">\n<li>She studied law at Eberhard\u2013Karls\u2013Universit\u00e4t T\u00fcbingen and the University of Oxford<\/li>\n\n\n\n<li>Dissertation: Der Einflu\u00df des Europarechts auf das Erbschaftsteuerrecht<\/li>\n\n\n\n<li>She has been a lawyer since 1996, a specialist in tax law since 2002<\/li>\n<\/ul>\n\n\n\n<h2 class=\"wp-block-heading\">Main Practice Areas<\/h2>\n\n\n\n<ul class=\"wp-block-list\">\n<li>Inheritance Law<\/li>\n\n\n\n<li>Inheritance Tax Law<\/li>\n\n\n\n<li>Execution of Wills<\/li>\n\n\n\n<li>Family Law<\/li>\n\n\n\n<li>Charity Law<\/li>\n\n\n\n<li>Private International Law<\/li>\n\n\n\n<li>Foundation Law and Foundation Tax Law<\/li>\n<\/ul>\n\n\n\n<h2 class=\"wp-block-heading\">Positions on boards of professional and charitable organizations<\/h2>\n\n\n\n<p>CEO of the von Rautenkranz Family Office, Mainz<br>Member of the Board of Directors of the G\u00f6lkel Charitable Foundation (gemeinn\u00fctzige G\u00f6lkel Stiftung), Frankfurt am Main<br>Member of the Board of Directors of the Dwight und Ursula Mamlok Foundation (Dwight und Ursula Mamlok-Stiftung), Berlin<br>Member of the Supervisory Board of R\u00fchl AG &amp; Co. chemische Fabrik KG, Friedrichsdorf<br>Member of the Board of Directors of the Andreas R\u00fchl Charitable Foundation (gemeinn\u00fctzige Andreas R\u00fchl Stiftung), Friedrichsdorf<br>Member of the Supervisory Board of Deutsche Bildung AG, Frankfurt am Main<br>Member of the Supervisory Board of Lupus alpha Asset Management AG, Frankfurt am Main<\/p>\n<\/div>\n\n\n\n<div class=\"wp-block-column is-layout-flow wp-block-column-is-layout-flow\" style=\"flex-basis:33.33%\">\n<h3 class=\"wp-block-heading\">Assistence<\/h3>\n\n\n\n<p>Yessica V\u00e1squez<br><a href=\"&#109;&#x61;&#105;&#x6c;t&#x6f;:&#121;&#x65;&#115;&#x73;i&#x63;a&#46;&#x76;&#97;&#x73;q&#x75;e&#122;&#x40;&#104;&#x62;p&#x2d;r&#101;&#x63;&#104;&#x74;s&#x61;n&#119;&#x61;&#101;&#x6c;t&#x65;&#46;&#100;&#x65;\">&#121;&#x65;&#115;&#x73;&#105;&#x63;&#97;&#x2e;v&#x61;s&#x71;u&#x65;z&#64;&#x68;&#98;&#x70;&#45;&#x72;&#101;&#x63;&#104;&#x74;s&#x61;n&#x77;a&#x65;l&#116;&#x65;&#46;&#x64;&#101;<\/a><br>069 9074 44 43<\/p>\n\n\n\n<h3 class=\"wp-block-heading\">Submenu<\/h3>\n\n\n<nav class=\"is-vertical wp-block-navigation is-layout-flex wp-container-core-navigation-is-layout-8cad6afd wp-block-navigation-is-layout-flex\" aria-label=\"submenu\"><ul class=\"wp-block-navigation__container  is-vertical wp-block-navigation\"><li class=\" wp-block-navigation-item wp-block-navigation-link\"><a class=\"wp-block-navigation-item__content\"  href=\"https:\/\/hbp-rechtsanwaelte.de\/en\/about-us\/our-claim\/\"><span class=\"wp-block-navigation-item__label\">Our Claim<\/span><\/a><\/li><li class=\" wp-block-navigation-item wp-block-navigation-link\"><a class=\"wp-block-navigation-item__content\"  href=\"https:\/\/hbp-rechtsanwaelte.de\/en\/about-us\/prof-dr-heuer\/\"><span class=\"wp-block-navigation-item__label\">Prof. Dr. Heuer<\/span><\/a><\/li><li class=\" wp-block-navigation-item wp-block-navigation-link\"><a class=\"wp-block-navigation-item__content\"  href=\"https:\/\/hbp-rechtsanwaelte.de\/en\/about-us\/dr-michaela-busch\/\"><span class=\"wp-block-navigation-item__label\">Dr. Michaela Busch<\/span><\/a><\/li><li class=\" wp-block-navigation-item wp-block-navigation-link\"><a class=\"wp-block-navigation-item__content\"  href=\"https:\/\/hbp-rechtsanwaelte.de\/en\/about-us\/dr-nicolai-von-cube\/\"><span class=\"wp-block-navigation-item__label\">Dr. Nicolai von Cube<\/span><\/a><\/li><li class=\" wp-block-navigation-item wp-block-navigation-link\"><a class=\"wp-block-navigation-item__content\"  href=\"https:\/\/hbp-rechtsanwaelte.de\/en\/about-us\/dr-stephan-mangold\/\"><span class=\"wp-block-navigation-item__label\">Dr. Stephan Mangold<\/span><\/a><\/li><li class=\" wp-block-navigation-item wp-block-navigation-link\"><a class=\"wp-block-navigation-item__content\"  href=\"https:\/\/hbp-rechtsanwaelte.de\/en\/about-us\/michele-neeb\/\"><span class=\"wp-block-navigation-item__label\">Michele Neeb<\/span><\/a><\/li><\/ul><\/nav><\/div>\n<\/div>\n","protected":false},"excerpt":{"rendered":"<p>Dr. Michaela Busch Personal Details Education\/Professional Career Main Practice Areas Positions on boards of professional and charitable organizations CEO of the von Rautenkranz Family Office, MainzMember of the Board of Directors of the G\u00f6lkel Charitable Foundation (gemeinn\u00fctzige G\u00f6lkel Stiftung), Frankfurt am MainMember of the Board of Directors of the Dwight und Ursula Mamlok Foundation (Dwight [&hellip;]<\/p>\n","protected":false},"author":1,"featured_media":0,"parent":33,"menu_order":0,"comment_status":"closed","ping_status":"closed","template":"page-templates\/full-width.php","meta":{"footnotes":""},"class_list":["post-39","page","type-page","status-publish","hentry"],"_links":{"self":[{"href":"https:\/\/hbp-rechtsanwaelte.de\/en\/wp-json\/wp\/v2\/pages\/39","targetHints":{"allow":["GET"]}}],"collection":[{"href":"https:\/\/hbp-rechtsanwaelte.de\/en\/wp-json\/wp\/v2\/pages"}],"about":[{"href":"https:\/\/hbp-rechtsanwaelte.de\/en\/wp-json\/wp\/v2\/types\/page"}],"author":[{"embeddable":true,"href":"https:\/\/hbp-rechtsanwaelte.de\/en\/wp-json\/wp\/v2\/users\/1"}],"replies":[{"embeddable":true,"href":"https:\/\/hbp-rechtsanwaelte.de\/en\/wp-json\/wp\/v2\/comments?post=39"}],"version-history":[{"count":0,"href":"https:\/\/hbp-rechtsanwaelte.de\/en\/wp-json\/wp\/v2\/pages\/39\/revisions"}],"up":[{"embeddable":true,"href":"https:\/\/hbp-rechtsanwaelte.de\/en\/wp-json\/wp\/v2\/pages\/33"}],"wp:attachment":[{"href":"https:\/\/hbp-rechtsanwaelte.de\/en\/wp-json\/wp\/v2\/media?parent=39"}],"curies":[{"name":"wp","href":"https:\/\/api.w.org\/{rel}","templated":true}]}}