{"id":29,"date":"2014-03-26T11:49:07","date_gmt":"2014-03-26T11:49:07","guid":{"rendered":"https:\/\/hbp-rechtsanwaelte.de\/?page_id=29"},"modified":"2022-01-10T10:17:05","modified_gmt":"2022-01-10T10:17:05","slug":"legal-notice","status":"publish","type":"page","link":"https:\/\/hbp-rechtsanwaelte.de\/en\/legal-notice\/","title":{"rendered":"Legal Notice"},"content":{"rendered":"<h1>Impressum<\/h1>\n<p>Hinweise gem\u00e4\u00df \u00a7 5 Telemediengesetz (TMG) und \u00a7\u00a7 2ff Verordnung \u00fcber Informationspflichten f\u00fcr Dienstleistungserbringer (DL-InfoV)<\/p>\n<p>Anbieter dieser Website ist die Soziet\u00e4t Heuer Busch &amp; Partner &#8211; Rechtsanw\u00e4lte mbB<br \/>\nPartnerschaftsgesellschaft von Rechtsanw\u00e4lten mit beschr\u00e4nkter Berufshaftung<\/p>\n<p>Die Soziet\u00e4t Heuer Busch &amp; Partner &#8211; Rechtsanw\u00e4lte ist eine Partnerschaftsgesellschaft mit beschr\u00e4nkter Berufshaftung nach dem Gesetz \u00fcber Partnerschaftsgesellschaften Angeh\u00f6riger Freier Berufe (Partnerschaftsgesellschaftsgesetz).<\/p>\n<h2>Anschrift<\/h2>\n<p>Heuer Busch &amp; Partner<br \/>\nRechtsanw\u00e4lte<br \/>\nBeethovenstra\u00dfe 29, 60325 Frankfurt am Main<br \/>\nT 069-90 74 44-0<br \/>\nF 069-90 74 44-50<br \/>\n<a href=\"&#x6d;&#x61;&#x69;&#108;&#116;o:&#x69;&#x6e;&#x66;&#111;&#64;hb&#x70;&#x2d;&#x72;&#101;&#99;ht&#x73;&#x61;&#x6e;&#119;&#97;el&#x74;&#x65;&#x2e;&#100;&#101;\">&#x69;&#x6e;&#102;&#111;&#64;&#x68;&#x62;&#x70;&#45;&#114;e&#x63;&#x68;&#x74;&#115;&#97;n&#x77;&#x61;&#x65;&#108;&#116;e&#x2e;&#x64;&#x65;<\/a><\/p>\n<h2>Ansprechpartner<\/h2>\n<p>Dr. Michaela Busch<\/p>\n<h2>Partnerschaftsgericht<\/h2>\n<p>Amtsgericht Frankfurt am Main, Partnerschaftsregister: PR 1408<\/p>\n<h2>Gesellschafter (Partner) der Gesellschaft<\/h2>\n<p>Rechtsanwalt Prof. Dr. Carl-Heinz Heuer<br \/>\nRechtsanw\u00e4ltin Dr. Michaela Busch<br \/>\nRechtsanwalt Dr. Nicolai von Cube<br \/>\nRechtsanwalt Dr. Stephan Mangold<\/p>\n<h2>Zulassung<\/h2>\n<p>S\u00e4mtliche Gesellschafter von Heuer &amp; Partner sind in der Bundesrepublik Deutschland als Rechtsanw\u00e4lte zugelassen und geh\u00f6ren der <a title=\"Rechtsanwaltskammer Frankfurt am Main\" href=\"http:\/\/rechtsanwaltskammer-ffm.de\" target=\"_blank\" rel=\"noopener noreferrer\">Rechtsanwaltskammer Frankfurt am Main<\/a> an.<\/p>\n<h2>Es gelten insbesondere folgende Geb\u00fchren- und Berufsordnungen<\/h2>\n<h3>Rechtsanw\u00e4lte<\/h3>\n<ul>\n<li>BRAO-Bundesrechtsanwaltsordnung<\/li>\n<li>BORA-Berufsordnung f\u00fcr Rechtswanw\u00e4lte<\/li>\n<li>Fachanwaltsordnung<\/li>\n<li>RVG-Rechtsanwaltsverg\u00fctungsgesetz und RVO-Rechtsanwaltsverg\u00fctungsordnung<\/li>\n<li>Berufsregeln der Rechtsanw\u00e4lte der Europ\u00e4ischen Gemeinschaft (CCBE)<\/li>\n<li>Gesetz \u00fcber die T\u00e4tigkeit europ\u00e4ischer Rechtsanw\u00e4lte in Deutschland<\/li>\n<\/ul>\n<p>(Die Texte befinden sich unter <a href=\"http:\/\/www.brak.de\" target=\"_blank\" rel=\"noopener noreferrer\">www.brak.de<\/a> in der Rubrik &#8220;Informationspflichten gem\u00e4\u00df \u00a7 5 TMG&#8221;.)<\/p>\n<h2>Berufshaftpflichtversicherung<\/h2>\n<p>S\u00e4mtliche Gesellschafter von Heuer &amp; Partner sind bei der<br \/>\nAllianz Versicherungs AG, 10900 Berlin versichert.<br \/>\nDie Anwaltsversicherung enth\u00e4lt keinen Versicherungsschutz f\u00fcr anwaltliche Beratung in einem ausl\u00e4ndischen Recht.<\/p>\n<h2>R\u00e4umlicher Geltungsbereich<\/h2>\n<p>Europaweit<\/p>\n<h2>Umsatzsteueridentifikationsnummer der Soziet\u00e4t nach \u00a7 27a UStG<\/h2>\n<p>DE 230 198 292<\/p>\n<h2>Technische Umsetzung und Betreuung<\/h2>\n<p>Hyperbrand \u2013 Webdesign Studio<br \/>\nThorsten Schraut<br \/>\nNiddastra\u00dfe 59<br \/>\n60329 Frankfurt am Main<br \/>\n<a href=\"https:\/\/hyperbrand.de\" target=\"_blank\" rel=\"noopener noreferrer\">www.hyperbrand.de<\/a><\/p>\n<h2>Photographie<\/h2>\n<p><a href=\"http:\/\/www.horstfriedrichs.com\/\">\u00a9 2014 Horst Friedrichs<\/a> \/ Startseite: <a href=\"http:\/\/martinjoppen.de\/\">\u00a9 2017 Martin Joppen<\/a><\/p>\n<h2>Disclaimer<\/h2>\n<p>Die Informationen auf dieser Website dienen der Darstellung der Soziet\u00e4t Heuer &amp; Partner und stellen keine Rechtsberatung dar und k\u00f6nnen diese auch nicht ersetzen.<\/p>\n<p>Heuer &amp; Partner \u00fcbernimmt keine Gew\u00e4hr f\u00fcr die Aktualit\u00e4t, Richtigkeit und Vollst\u00e4ndigkeit der auf dieser Website bereitgestellten Informationen. Gleiches gilt auch f\u00fcr die Inhalte externer Websites, auf die diese Site \u00fcber Hyperlinks direkt oder indirekt verweist und auf die Heuer\u00a0 &amp; Partner keinen Einfluss hat.<strong><br \/>\n<\/strong><\/p>\n","protected":false},"excerpt":{"rendered":"<p>Impressum Hinweise gem\u00e4\u00df \u00a7 5 Telemediengesetz (TMG) und \u00a7\u00a7 2ff Verordnung \u00fcber Informationspflichten f\u00fcr Dienstleistungserbringer (DL-InfoV) Anbieter dieser Website ist die Soziet\u00e4t Heuer Busch &amp; Partner &#8211; Rechtsanw\u00e4lte mbB Partnerschaftsgesellschaft von Rechtsanw\u00e4lten mit beschr\u00e4nkter Berufshaftung Die Soziet\u00e4t Heuer Busch &amp; Partner &#8211; Rechtsanw\u00e4lte ist eine Partnerschaftsgesellschaft mit beschr\u00e4nkter Berufshaftung nach dem Gesetz \u00fcber Partnerschaftsgesellschaften Angeh\u00f6riger [&hellip;]<\/p>\n","protected":false},"author":1,"featured_media":0,"parent":0,"menu_order":0,"comment_status":"closed","ping_status":"closed","template":"page-templates\/full-width.php","meta":{"footnotes":""},"class_list":["post-29","page","type-page","status-publish","hentry"],"_links":{"self":[{"href":"https:\/\/hbp-rechtsanwaelte.de\/en\/wp-json\/wp\/v2\/pages\/29","targetHints":{"allow":["GET"]}}],"collection":[{"href":"https:\/\/hbp-rechtsanwaelte.de\/en\/wp-json\/wp\/v2\/pages"}],"about":[{"href":"https:\/\/hbp-rechtsanwaelte.de\/en\/wp-json\/wp\/v2\/types\/page"}],"author":[{"embeddable":true,"href":"https:\/\/hbp-rechtsanwaelte.de\/en\/wp-json\/wp\/v2\/users\/1"}],"replies":[{"embeddable":true,"href":"https:\/\/hbp-rechtsanwaelte.de\/en\/wp-json\/wp\/v2\/comments?post=29"}],"version-history":[{"count":0,"href":"https:\/\/hbp-rechtsanwaelte.de\/en\/wp-json\/wp\/v2\/pages\/29\/revisions"}],"wp:attachment":[{"href":"https:\/\/hbp-rechtsanwaelte.de\/en\/wp-json\/wp\/v2\/media?parent=29"}],"curies":[{"name":"wp","href":"https:\/\/api.w.org\/{rel}","templated":true}]}}