{"id":23,"date":"2014-03-26T11:37:48","date_gmt":"2014-03-26T11:37:48","guid":{"rendered":"https:\/\/hbp-rechtsanwaelte.de\/de\/?page_id=23"},"modified":"2017-10-16T11:24:37","modified_gmt":"2017-10-16T11:24:37","slug":"publications","status":"publish","type":"page","link":"https:\/\/hbp-rechtsanwaelte.de\/en\/publications\/","title":{"rendered":"Publications"},"content":{"rendered":"<h1>Our Publications<\/h1>\n<ul>\n<li>Ist das Kunst oder kann das weg? &#8211; Die Ratlosigkeit des Rechtsanwenders nach gut gemeinter Gesetzgebung, NJW 2017, S.787 ff. (Nicolai von Cube)<\/li>\n<li>58 AO Steuerlich unsch\u00e4dliche Bet\u00e4tigungen, Gesamtes Gemeinn\u00fctzigkeitsrecht, Nomos Kommentar, Winheller, Geibel, Jachmann-Michel, 1. Aufl. 2017, 393 ff. (Nicolai von Cube)<\/li>\n<li>54 AO Kirchliche Zwecke, Gesamtes Gemeinn\u00fctzigkeitsrecht, Nomos Kommentar, Winheller, Geibel, Jachmann-Michel, 1. Aufl. 2017, 304 ff. (Nicolai von Cube)<\/li>\n<li>53 AO Mildt\u00e4tige Zwecke, Gesamtes Gemeinn\u00fctzigkeitsrecht, Nomos Kommentar, Winheller, Geibel, Jachmann-Michel, 1. Aufl. 2017, 289 ff. (Nicolai von Cube)<\/li>\n<li>Einf\u00fchrung, Gesamtes Gemeinn\u00fctzigkeitsrecht, Nomos Kommentar, Winheller, Geibel, Jachmann-Michel, 1. Aufl. 2017, 58 ff. (Nicolai von Cube)<\/li>\n<li>Die steuerliche Behandlung von Kunstsammlungen im Licht der j\u00fcngsten BFH-Rechtsprechung, DStR 2016, Heft 3, 129 ff. (Carl-Heinz Heuer und Nicolai von Cube)<\/li>\n<li>Gute Governance im Non-Profit-Bereich, Audit Committee Quarterly IV\/2015, Stiftungen (Carl-Heinz Heuer und Nicolai von Cube)<\/li>\n<li>Ordnung als Leitmotiv \u2013 Der erbschaftsteuerliche Sammlungsbegriff, ZEV 12\/2013, S. 641 ff. (Carl-Heinz Heuer und Nicolai von Cube)<\/li>\n<li>Denkmalschutz ultra legem: Die Zukunft der Steuerbefreiung f\u00fcr Kulturg\u00fcter gem\u00e4\u00df \u00a713 Abs. 1 Nr. 2 ErbStG, ZEV 12\/2008, S. 565 ff. (Carl-Heinz Heuer und Nicolai von Cube)<\/li>\n<li>Stiftungen in \u201cLeitgedanken des Rechts\u201d, Festschrift Paul Kirchhof zum 70. Geburtstag (Carl-Heinz Heuer)<\/li>\n<li>\u201cDie Zukunft mitgestalten. Verm\u00e4chtnisse (nicht nur) f\u00fcr die Musik\u201d, Jahrbuch der Kronberg Academy 2011 (Dieter Feddersen und Nicolai von Cube)<\/li>\n<li>\u201dAnonymit\u00e4t gesichert. Ein Pr\u00e4zedenzfall best\u00e4tigt die Praxis der Auktionsh\u00e4user\u201d, Kunst und Auktionen Nr. 10\/2012 (Nicolai von Cube)<\/li>\n<li>Vorstand wider Willen? Auswirkungen des Gesetzes zur Angemessenheit der Vorstandsverg\u00fctung auf GmbH\u2019s, \u00a0NJW 2010, S. 576 (Dieter Feddersen und Nicolai von Cube)<\/li>\n<li>Die liechtensteinische Stiftung im Visier der deutschen Rechtsprechung, NZG 2010, S. 17 ff. (Nicolai von Cube)<\/li>\n<li>Die Haftung des Vorstands f\u00fcr das Stiftungsverm\u00f6gen, DB 2009, S. 2082 ff. (Jan Sobotta und Nicolai von Cube).<\/li>\n<li>Doppeltes Ungemach: Gef\u00e4hrden Verm\u00f6gensverluste die Gemeinn\u00fctzigkeit?, Stiftung &amp; Sponsoring 2009\/Heft 4,\u00a0S. 36 ff. (Jan Sobotta und Nicolai von Cube)<\/li>\n<li>\u201eGemeinnutz wird belohnt\u201d, Weltkunst, Heft 02\/2009, Seite 60 (Carl-Heinz Heuer)<\/li>\n<li>Denkmalschutz Ultra Legem: Die Zukunft der Steuerbefreiung von Kulturg\u00fctern gem\u00e4\u00df \u00a7 13 Abs. 1 Nr. 2 ErbStG, ZEV 2008, S. 565 ff. (Carl-Heinz Heuer \/\u00a0Nicolai von Cube)<\/li>\n<li>Die Bewertung von Kunstgegenst\u00e4nden, NJW 2008, S. 689 ff. (Carl-Heinz Heuer)<\/li>\n<li>Die Wertermittlung von Kunstgegenst\u00e4nden, Der Sachverst\u00e4ndige, 2008, S. 165 (Carl-Heinz Heuer)<\/li>\n<li>Erbschaft steuerfrei? Weltkunst, 2008, S. 44 (Carl-Heinz Heuer)<\/li>\n<li>Schenken wird sch\u00f6ner, Weltkunst 2007, S. 30. (Carl-Heinz Heuer)<\/li>\n<li>Der Antagonismus zwischen der Business Judgement Rule des Gesellschaftsrechts und der Anwendung des \u00a7 266 StGB durch Strafverfolgungsbeh\u00f6rden und -gerichte, Festschrift f\u00fcr Adolf Laufs zum 70. Geburtstag, 2006, S. 1170-1192 (Dieter Feddersen).<\/li>\n<li>Die Fusion von Stiftungen, Stiftung &amp; Sponsoring,\u00a0 Beilage: Die Roten Seiten, Heft 3\/2005 (Friederike Ringe und Carl-Heinz Heuer).<\/li>\n<li>Die internationale Zust\u00e4ndigkeit der englischen Zivilgerichte, Frankfurt am Main 2004 (Nicolai von Cube).<\/li>\n<li>Rezension: Heinrich von B\u00fcnau, Beratungsvertr\u00e4ge mit Aufsichtsratsmitgliedern im Aktienkonzern, ZHR 168\/2004 (Dieter Feddersen).<\/li>\n<li>Die \u00f6sterreichische Privatstiftung und die liechtensteinische Familienstiftung\u00a0im Lichte des deutschen Steuerrechts, Stiftung &amp; Sponsoring,\u00a0Beilage: Die Roten Seiten, Heft 1\/2003 (Michaela Busch und Carl-Heinz Heuer).<\/li>\n<li>Handbuch Corporate Governance, herausgegeben von Peter Hommelhoff, Klaus J. Hopt und Axel v. Werder in Gemeinschaft mit Dieter Feddersen und Klaus Pohle, Stuttgart 2003.<\/li>\n<li>Berufungsr\u00fccknahme per Zwischenruf?, NJW 2002, S. 40 (Nicolai von Cube).<\/li>\n<li>Deutsches Erbschaftsteuerrecht im Lichte der europ\u00e4ischen Grundfreiheiten,\u00a0Teil I und Teil II, IStR 2002, S. 448 ff., und IStR 2002, S. 475 ff. (Michaela Busch).<\/li>\n<li>\u201cEingesperrt\u201d oder \u201causverkauft\u201d? Das Gesetz zum Schutz deutschen Kulturgutes gegen Abwanderung, Weltkunst 2001, S. 1727 ff. (Carl-Heinz Heuer).<\/li>\n<li>Neue gesetzliche Anforderungen an den Aufsichtsrat, AG 2000, S. 385ff (Dieter Feddersen).<br \/>\nGewerbesteuerumlage im faktischen Konzern. Besprechung der Entscheidung BGH ZIP 1999, S. 708, ZGR 3\/2000, S. 523ff (Dieter Feddersen).<\/li>\n<li>Nachfolgeplanung bei Personengesellschaften, DB 2000, S. 169 ff.\u00a0(Michaela Busch und Andreas Knebel).<\/li>\n<li>Gewerbesteuerumlage im faktischen Konzern. Besprechung der Entscheidung BGH ZIP 1999, S. 708, ZGR 3\/2000, S. 523ff (Dieter Feddersen).<\/li>\n<li>Fifty Years of German Basic Law in: SMU Law Review, 2000, Vol 53, No. 2,. a publication of Southern Methodist University School of Law, Dallas, Texas, S.427ff (Dieter Feddersen).<\/li>\n<li>Neue gesetzliche Anforderungen an den Aufsichtsrat, AG 2000, S. 385ff (Dieter Feddersen).<\/li>\n<li>Das Fundraising-Dinner, Stiftung &amp; Sponsoring 1999, S. 15 ff. (Carl-Heinz Heuer).<\/li>\n<li>Die Kunstraubz\u00fcge der Nationalsozialisten und ihre R\u00fcckabwicklung, NJW 1999, S. 2558 ff. (Carl-Heinz Heuer).<\/li>\n<li>Ermittlung des gemeinen Werts von Kunstgegenst\u00e4nden \u2013 Anmerkungen zum Beschlu\u00df des FG M\u00fcnchen vom 10. Dezember 1998, 4 V 1954\/98, DStR 1999, S. 1389 ff. (Carl-Heinz Heuer).<\/li>\n<li>Besteuerung steuerbeg\u00fcnstigter Stiftungen, Bertelsmann-Stiftung (Hrsg.), Handbuch Stiftungen \u2013 Ziele \u2013 Projekte \u2013 Management \u2013 Rechtliche Gestaltung, Wiesbaden 1998, S. 1093 ff. (Carl-Heinz Heuer und Oliver Habighorst).<\/li>\n<li>Aktuelle Entwicklungen des deutschen Gesellschafts- und Registerrechts, Gesellschaftsrecht in Europa, Schriftenreihe des \u00d6sterreichischen Notariats, Wien 1997. S. 65-92 (Dieter Feddersen).<\/li>\n<li>Aktienoptionsprogramme f\u00fcr F\u00fchrungskr\u00e4fte aus kapitalmarktrechtlicher und steuerlicher Sicht, ZHR 161, 1997, S. 269-299 (Dieter Feddersen).<\/li>\n<li>Kulturfinanzierung durch Sponsoring \u2013 steuerliche Konsequenzen beim Sponsor und Gesponserten, DStR 1996, S. 1789 ff. (Carl-Heinz Heuer).<\/li>\n<li>Partnerschaftsgesellschaftsgesetz, Neuwied 1995 (Dieter Feddersen und Andreas Meyer-Landrut).<\/li>\n<li>Die Bewertung von Kunstgegenst\u00e4nden, DStR 1995, S. 438 ff. (Carl-Heinz Heuer).<\/li>\n<li>Steuerliche Gestaltungsprobleme bei der Vererbung von Anteilen an Personengesellschaften, ZHR 1995, S. 479-491 (Dieter Feddersen und Roger Kiem).<\/li>\n<li>Die Ausgliederung zwischen \u201cHolzm\u00fcller\u201d und neuem Umwandlungsrecht, ZIP 1994, S.1078-1087 (Dieter Feddersen und Roger Kiem).<\/li>\n<li>Die Kunst im Steuerrecht: Das Steuerrecht als Mittler, Garant oder St\u00f6rer der Kunstfreiheit, Kunst und Recht im In- und Ausland, Heidelberg 1994 (Carl-Heinz Heuer).<\/li>\n<li>Die Rolle der Banken bei der Unternehmenssanierung, F\u00fcr Recht und Staat, Festschrift f\u00fcr Herbert Helmrich zum 60. Geburtstag, M\u00fcnchen 1994, S. 597-611 (Dieter Feddersen, Andreas Meyer-Landrut und Andreas Thomsen).<\/li>\n<li>Mehr Rechtssicherheit f\u00fcr Genu\u00dfscheine, Zeitschrift f\u00fcr Unternehmens und Gesellschaftsrecht 1993, S. 312320 (Dieter Feddersen und Andreas MeyerLandrut).<\/li>\n<li>Nochmals Die Pflichten des Vorstandes zur Unternehmensplanung, ZGR 1993, S. 114117 (Dieter Feddersen).<\/li>\n<li>Zur Effektivit\u00e4t der \u201cVorfahrtsregelung\u201d : ausgew\u00e4hlte Probleme bei der Anwendung des \u00a7 3a VermG, ZGR 1992, S. 534544 (Dieter Feddersen).<\/li>\n<li>Testamentsvollstreckung an Gesellschaftsanteilen im Lichte der neueren Rechtsprechung,), ZAP Fach 15, 1989, S. 2530 (Dieter Feddersen und Andreas MeyerLandrut).<\/li>\n<li>Die Nutzung des Verlustvortrags beim Mantelkauf : Folgerungen der wirtschaftsberatenden Praxis aus der Rechtsprechungs\u00e4nderung, BB 1987, S. 17821788 (Dieter Feddersen).<\/li>\n<li>Familienstiftungen als Objekt der Erbschaftsteuer, DStZ 1987, S. 495 (Carl-Heinz Heuer).<\/li>\n<li>Die Behandlung der Abk\u00f6mmlinge bei der Erbfolge in Gesellschaftsanteile unter vorrangiger Erhaltung der Kontinuit\u00e4t des Unternehmens und unter Beachtung des Primats der Unternehmensnachfolge, Festschrift f\u00fcr Ernst C. Stiefel zum 80. Geburtstag. M\u00fcnchen 1987, S. 197218 (Dieter Feddersen).<\/li>\n<li>Methoden und Grenzen der rechtsstaatlichen Gewinnermittlung bei der Einkommensteuer nach deutschem Steuer und Verfassungsrecht, DStZ 1985, S. 443450 (Dieter Feddersen).<\/li>\n<li>Die Besteuerung der Kunst, Schriftenreihe Steuerwissenschaft, 2. Aufl., K\u00f6ln 1984 (Carl-Heinz Heuer).<\/li>\n<li>Die AfA-F\u00e4higkeiten von Kunstgegenst\u00e4nden, DStR 1983, S. 356 ff. (Carl-Heinz Heuer).<\/li>\n<\/ul>\n","protected":false},"excerpt":{"rendered":"<p>Our Publications Ist das Kunst oder kann das weg? &#8211; Die Ratlosigkeit des Rechtsanwenders nach gut gemeinter Gesetzgebung, NJW 2017, S.787 ff. (Nicolai von Cube) 58 AO Steuerlich unsch\u00e4dliche Bet\u00e4tigungen, Gesamtes Gemeinn\u00fctzigkeitsrecht, Nomos Kommentar, Winheller, Geibel, Jachmann-Michel, 1. Aufl. 2017, 393 ff. (Nicolai von Cube) 54 AO Kirchliche Zwecke, Gesamtes Gemeinn\u00fctzigkeitsrecht, Nomos Kommentar, Winheller, Geibel, [&hellip;]<\/p>\n","protected":false},"author":1,"featured_media":0,"parent":0,"menu_order":0,"comment_status":"closed","ping_status":"closed","template":"page-templates\/full-width.php","meta":{"footnotes":""},"class_list":["post-23","page","type-page","status-publish","hentry"],"_links":{"self":[{"href":"https:\/\/hbp-rechtsanwaelte.de\/en\/wp-json\/wp\/v2\/pages\/23","targetHints":{"allow":["GET"]}}],"collection":[{"href":"https:\/\/hbp-rechtsanwaelte.de\/en\/wp-json\/wp\/v2\/pages"}],"about":[{"href":"https:\/\/hbp-rechtsanwaelte.de\/en\/wp-json\/wp\/v2\/types\/page"}],"author":[{"embeddable":true,"href":"https:\/\/hbp-rechtsanwaelte.de\/en\/wp-json\/wp\/v2\/users\/1"}],"replies":[{"embeddable":true,"href":"https:\/\/hbp-rechtsanwaelte.de\/en\/wp-json\/wp\/v2\/comments?post=23"}],"version-history":[{"count":0,"href":"https:\/\/hbp-rechtsanwaelte.de\/en\/wp-json\/wp\/v2\/pages\/23\/revisions"}],"wp:attachment":[{"href":"https:\/\/hbp-rechtsanwaelte.de\/en\/wp-json\/wp\/v2\/media?parent=23"}],"curies":[{"name":"wp","href":"https:\/\/api.w.org\/{rel}","templated":true}]}}